{"id":1927,"date":"2022-03-11T11:38:26","date_gmt":"2022-03-11T10:38:26","guid":{"rendered":"https:\/\/www.renowave.at\/the-cooperative\/"},"modified":"2022-11-14T16:18:41","modified_gmt":"2022-11-14T15:18:41","slug":"the-cooperative","status":"publish","type":"page","link":"https:\/\/www.renowave.at\/en\/the-cooperative\/","title":{"rendered":"The cooperative"},"content":{"rendered":"\t\t<div data-elementor-type=\"wp-page\" data-elementor-id=\"1927\" class=\"elementor elementor-1927 elementor-182\" data-elementor-post-type=\"page\">\n\t\t\t\t\t\t<section class=\"elementor-section elementor-top-section elementor-element elementor-element-5179c8fa elementor-section-boxed elementor-section-height-default elementor-section-height-default\" data-id=\"5179c8fa\" data-element_type=\"section\" data-e-type=\"section\" data-settings=\"{&quot;background_background&quot;:&quot;classic&quot;}\">\n\t\t\t\t\t\t<div class=\"elementor-container elementor-column-gap-default\">\n\t\t\t\t\t<div class=\"elementor-column elementor-col-100 elementor-top-column elementor-element elementor-element-81c953a\" data-id=\"81c953a\" data-element_type=\"column\" data-e-type=\"column\">\n\t\t\t<div class=\"elementor-widget-wrap elementor-element-populated\">\n\t\t\t\t\t\t\t<\/div>\n\t\t<\/div>\n\t\t\t\t\t<\/div>\n\t\t<\/section>\n\t\t\t\t<section class=\"elementor-section elementor-top-section elementor-element elementor-element-e1f528e elementor-section-boxed elementor-section-height-default elementor-section-height-default\" data-id=\"e1f528e\" data-element_type=\"section\" data-e-type=\"section\">\n\t\t\t\t\t\t<div class=\"elementor-container elementor-column-gap-default\">\n\t\t\t\t\t<div class=\"elementor-column elementor-col-100 elementor-top-column elementor-element elementor-element-a7dda4f\" data-id=\"a7dda4f\" data-element_type=\"column\" data-e-type=\"column\">\n\t\t\t<div class=\"elementor-widget-wrap elementor-element-populated\">\n\t\t\t\t\t\t<div class=\"elementor-element elementor-element-aad659a elementor-widget elementor-widget-text-editor\" data-id=\"aad659a\" data-element_type=\"widget\" data-e-type=\"widget\" data-widget_type=\"text-editor.default\">\n\t\t\t\t<div class=\"elementor-widget-container\">\n\t\t\t\t\t\t\t\t\t<p>RENOWAVE.AT eG is the supporting organisation of the innovation laboratory of the same name and a registered cooperative that anyone from the field of rehabilitation can join. <\/p>\n<h4>Become a cooperative member or supporter<\/h4>\n<p>RENOWAVE.AT welcomes anyone who wants to actively work for a climate-neutral building stock. We ensure that our members have a regular, constructive exchange with each other. We join forces in a guided exchange to make refurbishments more efficient, faster and cheaper. This creates a knowledge advantage and competitive edge in the market. <\/p>\n<p>We are as concerned with climate protection and innovations in the social, technological and organisational fields as we are with an appreciative approach to our architectural heritage.<\/p>\n<p>Become part of our innovative community and get actively involved with us!<\/p>\n<p>Become a cooperative member or supporter: <a href=\"mailto:office@renowave.at\">office@renowave.at<\/a><\/p>\n<p>You can find more information about joining the cooperative <a href=\"https:\/\/www.renowave.at\/aufnahme-in-die-genossenschaft\/\">here<\/a>.<\/p>\n<h4>Our cooperative members<\/h4>\n<p>\u00d6sterreichisches Institut f\u00fcr Bauen und \u00d6kologie GmbH, Gr\u00fcnStattGrau GmbH, AEE \u2013 Institut f\u00fcr Nachhaltige Technologien, ARCH+MORE ZT GmbH, Energieinstitut Vorarlberg, FH Technikum Wien, IBR&amp;I Institute of Building Research &amp; Innovation ZT GmbH, IIBW Institut f\u00fcr Immobilien, Bauen und Wohnen GmbH, pulswerk GmbH, \u00d6GNB, Sch\u00f6berl&amp;P\u00f6ll GmbH, WH consulting engineers e.U., wohnbund:consult, 17&amp;4 Organisationsberatung GmbH, baubook, FH Salzburg, Universit\u00e4t Innsbruck, TU Wien \u2013 bi.wwb, Biller Architektur und Baumanagement ZT GmbH, Spektrum Bauphysik&amp;Bau\u00f6kologie, Verein Innovative Geb\u00e4ude<\/p>\n<h4>Supervisory Board<\/h4>\n<ul>\n<li>Bernhard Lipp (IBO GmbH)<\/li>\n<li>Christian Fink (AEE INTEC)<\/li>\n<li>Florian Eckkrammer (FH Technikum Wien)<\/li>\n<li>Wolfgang Amann (IIBW)<\/li>\n<li>Robert Lechner (pulswerk GmbH)<\/li>\n<li>Gerhard Kopeinig (ARCH+MORE ZT GmbH)<\/li>\n<\/ul>\n<p>We are a member of the Auditing Association <a href=\"https:\/\/rueckenwind.coop\/\" target=\"_blank\" rel=\"noreferrer noopener\">R\u00fcckenwind.<\/a><\/p>\t\t\t\t\t\t\t\t<\/div>\n\t\t\t\t<\/div>\n\t\t\t\t\t<\/div>\n\t\t<\/div>\n\t\t\t\t\t<\/div>\n\t\t<\/section>\n\t\t\t\t<\/div>\n\t\t","protected":false},"excerpt":{"rendered":"<p>RENOWAVE.AT eG is the supporting organisation of the innovation laboratory of the same name and a registered cooperative that anyone from the field of rehabilitation can join. Become a cooperative member or supporter RENOWAVE.AT welcomes anyone who wants to actively work for a climate-neutral building stock. We ensure that our members have a regular, constructive [&hellip;]<\/p>\n","protected":false},"author":2,"featured_media":0,"parent":0,"menu_order":0,"comment_status":"closed","ping_status":"closed","template":"elementor_header_footer","meta":{"footnotes":""},"class_list":["post-1927","page","type-page","status-publish","hentry"],"_links":{"self":[{"href":"https:\/\/www.renowave.at\/en\/wp-json\/wp\/v2\/pages\/1927","targetHints":{"allow":["GET"]}}],"collection":[{"href":"https:\/\/www.renowave.at\/en\/wp-json\/wp\/v2\/pages"}],"about":[{"href":"https:\/\/www.renowave.at\/en\/wp-json\/wp\/v2\/types\/page"}],"author":[{"embeddable":true,"href":"https:\/\/www.renowave.at\/en\/wp-json\/wp\/v2\/users\/2"}],"replies":[{"embeddable":true,"href":"https:\/\/www.renowave.at\/en\/wp-json\/wp\/v2\/comments?post=1927"}],"version-history":[{"count":1,"href":"https:\/\/www.renowave.at\/en\/wp-json\/wp\/v2\/pages\/1927\/revisions"}],"predecessor-version":[{"id":1928,"href":"https:\/\/www.renowave.at\/en\/wp-json\/wp\/v2\/pages\/1927\/revisions\/1928"}],"wp:attachment":[{"href":"https:\/\/www.renowave.at\/en\/wp-json\/wp\/v2\/media?parent=1927"}],"curies":[{"name":"wp","href":"https:\/\/api.w.org\/{rel}","templated":true}]}}